{"id":2,"date":"2021-03-05T14:54:05","date_gmt":"2021-03-05T14:54:05","guid":{"rendered":"https:\/\/kyriakoulakou.com\/blog\/?page_id=2"},"modified":"2025-10-08T09:03:56","modified_gmt":"2025-10-08T09:03:56","slug":"sample-page","status":"publish","type":"page","link":"https:\/\/kyriakoulakou.com\/blog\/?page_id=2","title":{"rendered":"Publicaciones"},"content":{"rendered":"<ol>\n<li>Kyriakoulakou, A. (2026). La magia de la realidad en \u00abUn viejo que le\u00eda novelas de amor\u00bb de Luis Sep\u00falveda. <em>\u00c1nfora, 33<\/em>(60).<\/li>\n<li>Kyriakoulakou, A., &amp; Mart\u00ednez Rold\u00e1n, I. (2024). Una mirada bajtiniana en la novela \u201cUn viejo que le\u00eda novelas de amor\u201d de Luis Sep\u00falveda. En D. L. Drosos, M. de Monserrat Llair\u00f3, M. Tsokou, A. Alexopoulou, E. Paraskeva, V. Kritikou, &amp; E. Pandis Pavlakis (Eds.), <a href=\"https:\/\/www.spanll.uoa.gr\/fileadmin\/depts\/spanll.uoa.gr\/www\/uploads\/Dimosieyseis\/ESTUDIOS_Y_HOMENAJES_VII.pdf\" target=\"_blank\" rel=\"noopener\"><em>Estudios y Homenajes Hispanoamericanos<\/em> (Vol. VII, pp. 87-96)<\/a>. Madrid: Ediciones del Orto.<\/li>\n<li>Kyriakoulakou, A. (2022). Burlando a la censura: El caso de \u201cCinco horas con Mario\u201d de Miguel Delibes. <a href=\"https:\/\/www.eap.gr\/wp-content\/uploads\/2022\/04\/teuxos-c-d.pdf\" target=\"_blank\" rel=\"noopener\"><em>Tribuna Abierta de Estudios Hispano-Helenos, 3-4<\/em>, 281-290<\/a>.<\/li>\n<li>\u039a\u03c5\u03c1\u03b9\u03b1\u03ba\u03bf\u03c5\u03bb\u03ac\u03ba\u03bf\u03c5, \u0391. (2019). \u0396\u03b7\u03c4\u03ae\u03bc\u03b1\u03c4\u03b1 \u03c7\u03c1\u03ae\u03c3\u03b7\u03c2 \u03c4\u03b7\u03c2 \u03b3\u03bb\u03ce\u03c3\u03c3\u03b1\u03c2 \u03c3\u03c4\u03b9\u03c2 \u03a4\u03b5\u03c7\u03bd\u03bf\u03bb\u03bf\u03b3\u03af\u03b5\u03c2 \u03a0\u03bb\u03b7\u03c1\u03bf\u03c6\u03bf\u03c1\u03af\u03b1\u03c2 \u03c4\u03b7\u03c2 \u0395\u03c0\u03b9\u03ba\u03bf\u03b9\u03bd\u03c9\u03bd\u03af\u03b1\u03c2 (\u03a4\u03a0\u0395) \u03c3\u03c4\u03b7\u03bd \u0391\u03bd\u03bf\u03b9\u03ba\u03c4\u03ae \u03ba\u03b1\u03b9 \u03b5\u03be \u0391\u03c0\u03bf\u03c3\u03c4\u03ac\u03c3\u03b5\u03c9\u03c2 \u0395\u03ba\u03c0\u03b1\u03af\u03b4\u03b5\u03c5\u03c3\u03b7: \u0395\u03bc\u03c0\u03b5\u03b9\u03c1\u03af\u03b5\u03c2 \u03b1\u03c0\u03cc \u03c4\u03b1 \u03ba\u03bf\u03b9\u03bd\u03c9\u03bd\u03b9\u03ba\u03ac \u03b4\u03af\u03ba\u03c4\u03c5\u03b1. <a href=\"https:\/\/eproceedings.epublishing.ekt.gr\/index.php\/openedu\/article\/view\/2356\/0\" target=\"_blank\" rel=\"noopener\"><em>\u0394\u03b9\u03b5\u03b8\u03bd\u03ad\u03c2 \u03a3\u03c5\u03bd\u03ad\u03b4\u03c1\u03b9\u03bf \u03b3\u03b9\u03b1 \u03c4\u03b7\u03bd \u0391\u03bd\u03bf\u03b9\u03ba\u03c4\u03ae &amp; \u03b5\u03be \u0391\u03c0\u03bf\u03c3\u03c4\u03ac\u03c3\u03b5\u03c9\u03c2 \u0395\u03ba\u03c0\u03b1\u03af\u03b4\u03b5\u03c5\u03c3\u03b7, 10<\/em>(1B), 12-21<\/a>.<\/li>\n<li><span style=\"font-family: Muli;\">Kyriakoulakou, A. (2019). Francisco de Miranda &#8211; Alejandro Ipsilantis: vidas paralelas. <a href=\"https:\/\/web.archive.org\/web\/20240406144833if_\/https:\/\/tribunajournal.eap.gr\/TRIBUNA_JOURNAL_2019.pdf\" target=\"_blank\" rel=\"noopener\"><em>Tribuna Abierta de Estudios Hispano-Helenos, 1<\/em>, 118-125<\/a>.<\/span><\/li>\n<\/ol>\n\n\n<p><\/p>\n","protected":false},"excerpt":{"rendered":"<p>Kyriakoulakou, A. (2026). La magia de la realidad en \u00abUn viejo que le\u00eda novelas de amor\u00bb de Luis Sep\u00falveda. \u00c1nfora, 33(60). Kyriakoulakou, A., &amp; Mart\u00ednez &hellip;<\/p>\n","protected":false},"author":1,"featured_media":67,"parent":0,"menu_order":0,"comment_status":"closed","ping_status":"open","template":"","meta":[],"_links":{"self":[{"href":"https:\/\/kyriakoulakou.com\/blog\/index.php?rest_route=\/wp\/v2\/pages\/2"}],"collection":[{"href":"https:\/\/kyriakoulakou.com\/blog\/index.php?rest_route=\/wp\/v2\/pages"}],"about":[{"href":"https:\/\/kyriakoulakou.com\/blog\/index.php?rest_route=\/wp\/v2\/types\/page"}],"author":[{"embeddable":true,"href":"https:\/\/kyriakoulakou.com\/blog\/index.php?rest_route=\/wp\/v2\/users\/1"}],"replies":[{"embeddable":true,"href":"https:\/\/kyriakoulakou.com\/blog\/index.php?rest_route=%2Fwp%2Fv2%2Fcomments&post=2"}],"version-history":[{"count":37,"href":"https:\/\/kyriakoulakou.com\/blog\/index.php?rest_route=\/wp\/v2\/pages\/2\/revisions"}],"predecessor-version":[{"id":664,"href":"https:\/\/kyriakoulakou.com\/blog\/index.php?rest_route=\/wp\/v2\/pages\/2\/revisions\/664"}],"wp:featuredmedia":[{"embeddable":true,"href":"https:\/\/kyriakoulakou.com\/blog\/index.php?rest_route=\/wp\/v2\/media\/67"}],"wp:attachment":[{"href":"https:\/\/kyriakoulakou.com\/blog\/index.php?rest_route=%2Fwp%2Fv2%2Fmedia&parent=2"}],"curies":[{"name":"wp","href":"https:\/\/api.w.org\/{rel}","templated":true}]}}