{"id":21,"date":"2021-03-05T15:32:41","date_gmt":"2021-03-05T15:32:41","guid":{"rendered":"https:\/\/kyriakoulakou.com\/blog\/?page_id=21"},"modified":"2024-10-05T20:16:54","modified_gmt":"2024-10-05T20:16:54","slug":"about","status":"publish","type":"page","link":"https:\/\/kyriakoulakou.com\/blog\/?page_id=21","title":{"rendered":"Sobre m\u00ed"},"content":{"rendered":"<p><img loading=\"lazy\" class=\"wp-image-40 alignleft\" src=\"https:\/\/kyriakoulakou.com\/blog\/wp-content\/uploads\/2021\/03\/\u0391\u03bd\u03c4\u03c9\u03bd\u03af\u03b1_\u039a\u03c5\u03c1\u03b9\u03b1\u03ba\u03bf\u03c5\u03bb\u03ac\u03ba\u03bf\u03c5-300x300.png\" alt=\"\" width=\"296\" height=\"296\" \/><\/p>\n<p style=\"text-align: left;\"><span style=\"font-size: 14pt;\"><strong>Antonia Kyriakoulakou<\/strong><\/span><\/p>\n<p>Nacida en Atenas, Grecia<\/p>\n<p style=\"text-align: left;\">Poeta e Hispanista<\/p>\n<p style=\"text-align: left;\">Traductora, Cronista y Periodista<\/p>\n<p style=\"text-align: left;\">Doctoranda en la Universidad UNED<\/p>\n<p>Miembro de la Asociaci\u00f3n de Escritores Griegos<\/p>\n<p>Miembro de la Asociaci\u00f3n Internacional de Hispanistas<\/p>\n<p style=\"text-align: left;\"><em><strong>Ense\u00f1anza<\/strong><\/em><\/p>\n<p>Licenciada con t\u00edtulo de pregrado por la\u00a0<a href=\"https:\/\/www.eap.gr\/en\/spanish-language-and-culture\/\" target=\"_blank\" rel=\"noopener\"> Universidad Abierta Griega (Programa Pregrado &#8220;<\/a><a href=\"https:\/\/www.eap.gr\/en\/spanish-language-and-culture\/\" target=\"_blank\" rel=\"noopener\">Lengua y Cultura Hispanas&#8221;- Facultad de Humanidades,<\/a><a href=\"https:\/\/www.eap.gr\/en\/spanish-language-and-culture\/\" target=\"_blank\" rel=\"noopener\">\u00a0<\/a><\/p>\n<p>Licenciada con t\u00edtulo de postgrado (maestr\u00eda) por la <a href=\"https:\/\/www.unir.net\/humanidades\/master-literatura-espanola-latinoamericana\/\" target=\"_blank\" rel=\"noopener\"> Universidad Internacional de La Rioja (<\/a><a href=\"https:\/\/www.unir.net\/humanidades\/master-literatura-espanola-latinoamericana\/\" target=\"_blank\" rel=\"noopener\">M\u00e1ster Universitario en Estudios Avanzados en Literatura Espa\u00f1ola y Latinoamericana)<\/a><\/p>\n<p>Habla griego, espa\u00f1ol e ingl\u00e9s<\/p>\n<p><em><strong>Intereses acad\u00e9micos<\/strong><\/em><\/p>\n<p>Escritura de poes\u00eda en modo biling\u00fce (griego y autotraducci\u00f3n al espa\u00f1ol y vice-versa)<\/p>\n<p>Traducci\u00f3n de poes\u00eda espa\u00f1ola\/griega, as\u00ed que textos literarios, hist\u00f3ricos y cient\u00edficos<\/p>\n<p>Publicaci\u00f3n de entrevistas literarias, cient\u00edficas etc<\/p>\n<p>Publicaci\u00f3n de cronograf\u00edas en diarios y revistas con gatos antropomorfos sobre temas de actualidad<\/p>\n<p><em><strong> y personales<\/strong><\/em><\/p>\n<p>El tango y los viajes<\/p>\n<p>Respeta la naturaleza y los animales<\/p>\n","protected":false},"excerpt":{"rendered":"<p>Antonia Kyriakoulakou Nacida en Atenas, Grecia Poeta e Hispanista Traductora, Cronista y Periodista Doctoranda en la Universidad UNED Miembro de la Asociaci\u00f3n de Escritores Griegos &hellip;<\/p>\n","protected":false},"author":1,"featured_media":54,"parent":0,"menu_order":0,"comment_status":"closed","ping_status":"closed","template":"","meta":[],"_links":{"self":[{"href":"https:\/\/kyriakoulakou.com\/blog\/index.php?rest_route=\/wp\/v2\/pages\/21"}],"collection":[{"href":"https:\/\/kyriakoulakou.com\/blog\/index.php?rest_route=\/wp\/v2\/pages"}],"about":[{"href":"https:\/\/kyriakoulakou.com\/blog\/index.php?rest_route=\/wp\/v2\/types\/page"}],"author":[{"embeddable":true,"href":"https:\/\/kyriakoulakou.com\/blog\/index.php?rest_route=\/wp\/v2\/users\/1"}],"replies":[{"embeddable":true,"href":"https:\/\/kyriakoulakou.com\/blog\/index.php?rest_route=%2Fwp%2Fv2%2Fcomments&post=21"}],"version-history":[{"count":25,"href":"https:\/\/kyriakoulakou.com\/blog\/index.php?rest_route=\/wp\/v2\/pages\/21\/revisions"}],"predecessor-version":[{"id":646,"href":"https:\/\/kyriakoulakou.com\/blog\/index.php?rest_route=\/wp\/v2\/pages\/21\/revisions\/646"}],"wp:featuredmedia":[{"embeddable":true,"href":"https:\/\/kyriakoulakou.com\/blog\/index.php?rest_route=\/wp\/v2\/media\/54"}],"wp:attachment":[{"href":"https:\/\/kyriakoulakou.com\/blog\/index.php?rest_route=%2Fwp%2Fv2%2Fmedia&parent=21"}],"curies":[{"name":"wp","href":"https:\/\/api.w.org\/{rel}","templated":true}]}}